{"id":6055,"date":"2022-06-20T10:45:26","date_gmt":"2022-06-20T15:45:26","guid":{"rendered":"http:\/\/gamecock-insurance.three.zysites.com\/about-us\/"},"modified":"2023-11-16T11:11:46","modified_gmt":"2023-11-16T17:11:46","slug":"about-us","status":"publish","type":"page","link":"https:\/\/www.gamecockinsurance.com\/es\/about-us\/","title":{"rendered":"Sobre nosotros"},"content":{"rendered":"<p>Gamecock Insurance fue fundada en 2001 por Alyceson Fugate y Al Pritchard. Al Pritchard se retir\u00f3 de Metlife en 2004 con 33 a\u00f1os en la industria de seguros antes de unirse a su hija, Alyceson, en Gamecock Insurance. Desde entonces, los dos han estado trabajando juntos para encontrar seguros asequibles para sus clientes. Gamecock Insurance ayuda a los clientes a buscar cobertura adecuada y precios asequibles a trav\u00e9s de varios competidores en la industria de seguros. Pueden ayudarle a obtener cobertura en nuestros seguros de autom\u00f3vil, hogar, vida, motocicleta y negocios y comerciales. Tienen personal disponible que habla espa\u00f1ol (espanol) e ingl\u00e9s con fluidez. A Gamecock le encantar\u00eda tener la oportunidad de ayudarle a buscar el mejor precio, ya sea para seguro de autom\u00f3vil, seguro de vivienda o seguro para su negocio.<\/p>\n","protected":false},"excerpt":{"rendered":"<p>Gamecock Insurance fue fundada en 2001 por Alyceson Fugate y Al Pritchard. Al Pritchard se retir\u00f3 de Metlife en 2004 con 33 a\u00f1os en la industria de seguros antes de unirse a su hija, Alyceson, en Gamecock Insurance. Desde entonces, los dos han estado trabajando juntos para encontrar seguros asequibles para sus clientes. Gamecock Insurance [&hellip;]<\/p>\n","protected":false},"author":35,"featured_media":0,"parent":0,"menu_order":0,"comment_status":"closed","ping_status":"closed","template":"","meta":{"_acf_changed":false,"_seopress_robots_primary_cat":"0","_seopress_titles_title":"","_seopress_titles_desc":"","_seopress_robots_index":"","_analytify_skip_tracking":false,"footnotes":""},"class_list":["post-6055","page","type-page","status-publish","hentry"],"acf":[],"_links":{"self":[{"href":"https:\/\/www.gamecockinsurance.com\/es\/wp-json\/wp\/v2\/pages\/6055","targetHints":{"allow":["GET"]}}],"collection":[{"href":"https:\/\/www.gamecockinsurance.com\/es\/wp-json\/wp\/v2\/pages"}],"about":[{"href":"https:\/\/www.gamecockinsurance.com\/es\/wp-json\/wp\/v2\/types\/page"}],"author":[{"embeddable":true,"href":"https:\/\/www.gamecockinsurance.com\/es\/wp-json\/wp\/v2\/users\/35"}],"replies":[{"embeddable":true,"href":"https:\/\/www.gamecockinsurance.com\/es\/wp-json\/wp\/v2\/comments?post=6055"}],"version-history":[{"count":0,"href":"https:\/\/www.gamecockinsurance.com\/es\/wp-json\/wp\/v2\/pages\/6055\/revisions"}],"wp:attachment":[{"href":"https:\/\/www.gamecockinsurance.com\/es\/wp-json\/wp\/v2\/media?parent=6055"}],"curies":[{"name":"wp","href":"https:\/\/api.w.org\/{rel}","templated":true}]}}